{"id":605,"date":"2021-05-19T16:32:48","date_gmt":"2021-05-19T14:32:48","guid":{"rendered":"http:\/\/822017.web13.swisscenter.com\/?page_id=605"},"modified":"2022-02-26T10:31:13","modified_gmt":"2022-02-26T09:31:13","slug":"spenden","status":"publish","type":"page","link":"https:\/\/solight.ch\/de\/spenden\/","title":{"rendered":"Spenden"},"content":{"rendered":"\n<p>Die Mehrheit der Welt muss Licht haben, weil es eines der Grundbed\u00fcrfnisse des Menschen ist, f\u00fcr Sicherheit, f\u00fcr Bildung, f\u00fcr den Lebensunterhalt. Mehr als 1,6 Milliarden Menschen haben heute keinen Zugang zu sicherem und nachhaltigem Licht und benutzen Kerosin, um ihre Welt nachts zu erhellen. Der Mangel an Licht f\u00fcr die Mehrheit der Weltbev\u00f6lkerung hat katastrophale Auswirkungen auf unsere lokale und globale Umwelt. Wir sind also alle durch Licht und auch durch die Abwesenheit von Licht miteinander verbunden.<\/p>\n\n\n\n<p>Mit dem Kauf eines Solight helfen Sie, Licht in der Dritten Welt und in unterentwickelten Regionen wie Asien und Afrika s\u00fcdlich der Sahara zu verbreiten, wo die Menschen am meisten gef\u00e4hrdet sind. Wenn ein Kunde einen Solight kauft, erm\u00f6glicht er uns, einen Solight f\u00fcr jemanden in einer schlecht beleuchteten Gegend zu subventionieren. F\u00fcr je 100 verkaufte Lampen stellen wir also zwei Solights zur Verf\u00fcgung. Derzeit suchen wir nach Nichtregierungsorganisationen, die diese Spenden verteilen, und \u00fcberbringen sie durch lokale Globetrotter!<\/p>\n\n\n\n<p>In den letzten 7 Jahren haben wir bereits \u00fcber 1500 Solight in Gebieten mit gro\u00dfer Not verteilt. Vielen Dank f\u00fcr Ihre Unterst\u00fctzung!<\/p>\n\n\n\n<p>Wenn Sie mehr \u00fcber das soziale Engagement von Solight Design erfahren m\u00f6chten, besuchen Sie bitte diese Seite.<\/p>\n","protected":false},"excerpt":{"rendered":"<p>Die Mehrheit der Welt muss Licht haben, weil es eines der Grundbed\u00fcrfnisse des Menschen ist, f\u00fcr Sicherheit, f\u00fcr Bildung, f\u00fcr den Lebensunterhalt. Mehr als 1,6 Milliarden Menschen haben heute keinen Zugang zu sicherem und nachhaltigem Licht und benutzen Kerosin, um ihre Welt nachts zu erhellen. Der Mangel an Licht f\u00fcr die Mehrheit der Weltbev\u00f6lkerung hat [&hellip;]<\/p>\n","protected":false},"author":1,"featured_media":0,"parent":0,"menu_order":32,"comment_status":"closed","ping_status":"closed","template":"page_gallery.php","meta":{"_acf_changed":false,"footnotes":""},"class_list":["post-605","page","type-page","status-publish","hentry"],"acf":[],"_links":{"self":[{"href":"https:\/\/solight.ch\/de\/wp-json\/wp\/v2\/pages\/605","targetHints":{"allow":["GET"]}}],"collection":[{"href":"https:\/\/solight.ch\/de\/wp-json\/wp\/v2\/pages"}],"about":[{"href":"https:\/\/solight.ch\/de\/wp-json\/wp\/v2\/types\/page"}],"author":[{"embeddable":true,"href":"https:\/\/solight.ch\/de\/wp-json\/wp\/v2\/users\/1"}],"replies":[{"embeddable":true,"href":"https:\/\/solight.ch\/de\/wp-json\/wp\/v2\/comments?post=605"}],"version-history":[{"count":3,"href":"https:\/\/solight.ch\/de\/wp-json\/wp\/v2\/pages\/605\/revisions"}],"predecessor-version":[{"id":988,"href":"https:\/\/solight.ch\/de\/wp-json\/wp\/v2\/pages\/605\/revisions\/988"}],"wp:attachment":[{"href":"https:\/\/solight.ch\/de\/wp-json\/wp\/v2\/media?parent=605"}],"curies":[{"name":"wp","href":"https:\/\/api.w.org\/{rel}","templated":true}]}}