{"id":1318,"date":"2023-11-01T16:05:15","date_gmt":"2023-11-01T15:05:15","guid":{"rendered":"https:\/\/solight.ch\/?post_type=product&#038;p=1318"},"modified":"2023-11-01T17:26:26","modified_gmt":"2023-11-01T16:26:26","slug":"megapuff","status":"publish","type":"product","link":"https:\/\/solight.ch\/de\/produkt\/megapuff\/","title":{"rendered":"Megapuff"},"content":{"rendered":"<p>FUNKTIONEN<br \/>\nLicht: 40 bis 300 Lumen<br \/>.<br \/>\nBatterie: Lithium-Polymer-Akku mit 4000 mAh<br \/>.<br \/>\nGr\u00f6\u00dfe im ausgeklappten Zustand: 16 x 16 x 16 cm<br \/>.<br \/>\nGewicht: 120 Gramm<br \/>.<br \/>\nMaterial: Transparentes PET mit wei\u00dfem Geflecht, wasserfest, recycelbar, PVC-frei.<\/p>\n<p>.<\/p>\n<p>Laufzeit: bis zu 150 Stunden je nach gew\u00e4hltem Beleuchtungsmodus<\/p>\n<p>.<br \/>\n<Ladezeit: 8 bis 10 Stunden bei Sonnenlicht oder 3 Stunden \u00fcber USB-Anschluss<\/p>\n<p>.<\/p>\n<p>Wasserdicht: Kann auch im Regen oder auf dem Wasser verwendet werden<\/p>\n<p>.<\/p>\n","protected":false},"excerpt":{"rendered":"<p>FUNKTIONEN Licht: 40 bis 300 Lumen. Batterie: Lithium-Polymer-Akku mit 4000 mAh. Gr\u00f6\u00dfe im ausgeklappten Zustand: 16 x 16 x 16 cm. Gewicht: 120 Gramm. Material: Transparentes PET mit wei\u00dfem Geflecht, wasserfest, recycelbar, PVC-frei. . Laufzeit: bis zu 150 Stunden je nach gew\u00e4hltem Beleuchtungsmodus .<\/p>\n","protected":false},"featured_media":1334,"template":"","meta":{"_acf_changed":false},"product_brand":[],"product_cat":[37],"product_tag":[],"class_list":{"0":"post-1318","1":"product","2":"type-product","3":"status-publish","4":"has-post-thumbnail","6":"product_cat-solalichter","8":"first","9":"instock","10":"purchasable","11":"product-type-simple"},"acf":[],"_links":{"self":[{"href":"https:\/\/solight.ch\/de\/wp-json\/wp\/v2\/product\/1318","targetHints":{"allow":["GET"]}}],"collection":[{"href":"https:\/\/solight.ch\/de\/wp-json\/wp\/v2\/product"}],"about":[{"href":"https:\/\/solight.ch\/de\/wp-json\/wp\/v2\/types\/product"}],"wp:featuredmedia":[{"embeddable":true,"href":"https:\/\/solight.ch\/de\/wp-json\/wp\/v2\/media\/1334"}],"wp:attachment":[{"href":"https:\/\/solight.ch\/de\/wp-json\/wp\/v2\/media?parent=1318"}],"wp:term":[{"taxonomy":"product_brand","embeddable":true,"href":"https:\/\/solight.ch\/de\/wp-json\/wp\/v2\/product_brand?post=1318"},{"taxonomy":"product_cat","embeddable":true,"href":"https:\/\/solight.ch\/de\/wp-json\/wp\/v2\/product_cat?post=1318"},{"taxonomy":"product_tag","embeddable":true,"href":"https:\/\/solight.ch\/de\/wp-json\/wp\/v2\/product_tag?post=1318"}],"curies":[{"name":"wp","href":"https:\/\/api.w.org\/{rel}","templated":true}]}}