{"id":751,"date":"2021-05-14T12:02:28","date_gmt":"2021-05-14T10:02:28","guid":{"rendered":"http:\/\/822017.web13.swisscenter.com\/product\/qwnn-pack-de-3\/"},"modified":"2021-07-19T16:03:41","modified_gmt":"2021-07-19T14:03:41","slug":"qwnn-pack-de-3","status":"publish","type":"product","link":"https:\/\/solight.ch\/de\/produkt\/qwnn-pack-de-3\/","title":{"rendered":"QWNN &#8211; pack de 3"},"content":{"rendered":"<p>FUNKTIONEN<br \/>\n28 warmfarbene LED-Lampen (320 Lumen bei voller Leistung)<br \/>\nAkku: Lithium-Polymer-Akku mit 4000 mAh (erm\u00f6glicht das Laden von 2 Handys)<br \/>\nGr\u00f6\u00dfe ungefaltet: 34 x 24 x 1,90cm, gefaltet: 20 x 20 x 1,90cm<br \/>\nGewicht: 425 Gramm<br \/>\nMaterial: transparentes PET mit wei\u00dfem Geflecht, wasserfest, recycelbar<br \/>\nHelligkeitseinstellung per Taster: 6 verschiedene Intensit\u00e4ten inklusive Blinkmodus<\/p>\n<p>Batterielebensdauer: 6 bis 40 Stunden, abh\u00e4ngig vom gew\u00e4hlten Beleuchtungsmodus<\/p>\n<p>Ladezeit: 8 bis 10 Stunden in der Sonne oder 3 Stunden am USB-Anschluss<\/p>\n<p>Wasserdicht: kann im Regen oder auf dem Wasser verwendet werden<\/p>\n","protected":false},"excerpt":{"rendered":"<p>FUNKTIONEN 28 warmfarbene LED-Lampen (320 Lumen bei voller Leistung) Akku: Lithium-Polymer-Akku mit 4000 mAh (erm\u00f6glicht das Laden von 2 Handys) Gr\u00f6\u00dfe ungefaltet: 34 x 24 x 1,90cm, gefaltet: 20 x 20 x 1,90cm Gewicht: 425 Gramm Material: transparentes PET mit wei\u00dfem Geflecht, wasserfest, recycelbar Helligkeitseinstellung per Taster: 6 verschiedene Intensit\u00e4ten inklusive Blinkmodus Batterielebensdauer: 6 bis [&hellip;]<\/p>\n","protected":false},"featured_media":357,"template":"","meta":{"_acf_changed":false},"product_brand":[],"product_cat":[37],"product_tag":[],"class_list":{"0":"post-751","1":"product","2":"type-product","3":"status-publish","4":"has-post-thumbnail","6":"product_cat-solalichter","8":"first","9":"instock","10":"taxable","11":"shipping-taxable","12":"purchasable","13":"product-type-simple"},"acf":[],"_links":{"self":[{"href":"https:\/\/solight.ch\/de\/wp-json\/wp\/v2\/product\/751","targetHints":{"allow":["GET"]}}],"collection":[{"href":"https:\/\/solight.ch\/de\/wp-json\/wp\/v2\/product"}],"about":[{"href":"https:\/\/solight.ch\/de\/wp-json\/wp\/v2\/types\/product"}],"wp:featuredmedia":[{"embeddable":true,"href":"https:\/\/solight.ch\/de\/wp-json\/wp\/v2\/media\/357"}],"wp:attachment":[{"href":"https:\/\/solight.ch\/de\/wp-json\/wp\/v2\/media?parent=751"}],"wp:term":[{"taxonomy":"product_brand","embeddable":true,"href":"https:\/\/solight.ch\/de\/wp-json\/wp\/v2\/product_brand?post=751"},{"taxonomy":"product_cat","embeddable":true,"href":"https:\/\/solight.ch\/de\/wp-json\/wp\/v2\/product_cat?post=751"},{"taxonomy":"product_tag","embeddable":true,"href":"https:\/\/solight.ch\/de\/wp-json\/wp\/v2\/product_tag?post=751"}],"curies":[{"name":"wp","href":"https:\/\/api.w.org\/{rel}","templated":true}]}}