{"id":763,"date":"2021-05-14T12:15:35","date_gmt":"2021-05-14T10:15:35","guid":{"rendered":"http:\/\/822017.web13.swisscenter.com\/product\/merlin-solarhelix-pack-de-6\/"},"modified":"2021-07-19T15:59:44","modified_gmt":"2021-07-19T13:59:44","slug":"merlin-solarhelix-pack-de-6","status":"publish","type":"product","link":"https:\/\/solight.ch\/de\/produkt\/merlin-solarhelix-pack-de-6\/","title":{"rendered":"Merlin SolarHelix &#8211; pack de 6"},"content":{"rendered":"<p>FUNKTIONEN<br \/>\n10 LED-Lampen (90 Lumen), 6 verschiedene Farben<br \/>\nAkku: Lithium-Polymer<br \/>\nGr\u00f6\u00dfe: 10 cm W\u00fcrfel im ge\u00f6ffneten Zustand<br \/>\nGewicht: 60 Gramm<br \/>\nMaterial: TPU (Thermoplastisches Polyurethan) recycelbar, ein thermoplastischer Kunststoff mit einem einzigartigen Ged\u00e4chtnis f\u00fcr die Formstabilit\u00e4t. Das Licht ist gleichm\u00e4\u00dfiger als beim SolarPuff<br \/>\nFunktionseinstellung per Taster: 1x rot, 2x Kaltlicht, 3x violett, 4x gr\u00fcn, 5x blau, 6x gelb, 7x 6 Lichter, die alle 3 Sekunden durchlaufen, 8x Stopp auf dem gew\u00e4hlten Licht und 9x aus<\/p>\n<p>BETRIEB<br \/>\nHalten Sie den Sockel und drehen Sie den SolarHelix so, dass er sich in seine endg\u00fcltige Form entfaltet.<br \/>\nDr\u00fccken Sie die Netztaste 1x f\u00fcr ged\u00e4mpftes Licht, 2x f\u00fcr helles Licht und 3x zum Blinken.<br \/>\nDer SolarHelix wird bei voller Sonneneinstrahlung in 8 Stunden vollst\u00e4ndig aufgeladen und gibt 8-12 Stunden Licht (die Leuchtdauer kann je nach Sonneneinstrahlung variieren). 5 Stunden Ladezeit bei voller Sonneneinstrahlung = ca. 5-8 Stunden Licht.<br \/>\nSolarHelix kann durch Drehen am Sockel zusammengeklappt werden.<\/p>\n","protected":false},"excerpt":{"rendered":"<p>FUNKTIONEN 10 LED-Lampen (90 Lumen), 6 verschiedene Farben Akku: Lithium-Polymer Gr\u00f6\u00dfe: 10 cm W\u00fcrfel im ge\u00f6ffneten Zustand Gewicht: 60 Gramm Material: TPU (Thermoplastisches Polyurethan) recycelbar, ein thermoplastischer Kunststoff mit einem einzigartigen Ged\u00e4chtnis f\u00fcr die Formstabilit\u00e4t. Das Licht ist gleichm\u00e4\u00dfiger als beim SolarPuff Funktionseinstellung per Taster: 1x rot, 2x Kaltlicht, 3x violett, 4x gr\u00fcn, 5x blau, [&hellip;]<\/p>\n","protected":false},"featured_media":400,"template":"","meta":{"_acf_changed":false},"product_brand":[],"product_cat":[37],"product_tag":[],"class_list":{"0":"post-763","1":"product","2":"type-product","3":"status-publish","4":"has-post-thumbnail","6":"product_cat-solalichter","8":"first","9":"instock","10":"sale","11":"taxable","12":"shipping-taxable","13":"purchasable","14":"product-type-simple"},"acf":[],"_links":{"self":[{"href":"https:\/\/solight.ch\/de\/wp-json\/wp\/v2\/product\/763","targetHints":{"allow":["GET"]}}],"collection":[{"href":"https:\/\/solight.ch\/de\/wp-json\/wp\/v2\/product"}],"about":[{"href":"https:\/\/solight.ch\/de\/wp-json\/wp\/v2\/types\/product"}],"wp:featuredmedia":[{"embeddable":true,"href":"https:\/\/solight.ch\/de\/wp-json\/wp\/v2\/media\/400"}],"wp:attachment":[{"href":"https:\/\/solight.ch\/de\/wp-json\/wp\/v2\/media?parent=763"}],"wp:term":[{"taxonomy":"product_brand","embeddable":true,"href":"https:\/\/solight.ch\/de\/wp-json\/wp\/v2\/product_brand?post=763"},{"taxonomy":"product_cat","embeddable":true,"href":"https:\/\/solight.ch\/de\/wp-json\/wp\/v2\/product_cat?post=763"},{"taxonomy":"product_tag","embeddable":true,"href":"https:\/\/solight.ch\/de\/wp-json\/wp\/v2\/product_tag?post=763"}],"curies":[{"name":"wp","href":"https:\/\/api.w.org\/{rel}","templated":true}]}}