{"id":773,"date":"2021-05-14T12:35:25","date_gmt":"2021-05-14T10:35:25","guid":{"rendered":"http:\/\/822017.web13.swisscenter.com\/product\/solarpuff-pack-de-3\/"},"modified":"2021-07-19T15:58:24","modified_gmt":"2021-07-19T13:58:24","slug":"solarpuff-pack-de-3","status":"publish","type":"product","link":"https:\/\/solight.ch\/de\/produkt\/solarpuff-pack-de-3\/","title":{"rendered":"SolarPuff &#8211; pack de 3"},"content":{"rendered":"<p>FUNKTIONEN<br \/>\n10 LED-Lampen (60 Lumen bei schwachem Licht, 90 Lumen bei starkem Licht)<br \/>\nAkku: Lithium-Polymer<br \/>\nGr\u00f6\u00dfe: 10 cm W\u00fcrfel im ge\u00f6ffneten Zustand<br \/>\nGewicht: 60 Gramm<br \/>\nMaterial: klares PET mit wei\u00dfem Geflecht, wasserfest, recycelbar<br \/>\nHelligkeitseinstellung per Taster: 1x f\u00fcr schwaches Licht, 2x f\u00fcr starkes Licht, 3x f\u00fcr Blinken oder Notrufeinstellung<\/p>\n<p>BETRIEB<br \/>\nHalten Sie die Basis und ziehen Sie am Griff, um eine W\u00fcrfelform zu bilden.<br \/>\nDr\u00fccken Sie die Netztaste 1x f\u00fcr niedriges Licht, 2x f\u00fcr hohes Licht und 3x f\u00fcr Blinken.<br \/>\nDer Solarpuff wird bei voller Sonneneinstrahlung in 8 Stunden vollst\u00e4ndig aufgeladen und gibt 8-12 Stunden Licht (die Leuchtdauer kann je nach Sonneneinstrahlung variieren). 5 Stunden Ladezeit bei voller Sonneneinstrahlung = ca. 5-8 Stunden Licht.<br \/>\nZum Schlie\u00dfen der Lampe: die Seiten des W\u00fcrfels zusammendr\u00fccken und ziehen, der Solarpuff faltet sich zu einem flachen Paket von 2 cm Dicke.<\/p>\n","protected":false},"excerpt":{"rendered":"<p>FUNKTIONEN 10 LED-Lampen (60 Lumen bei schwachem Licht, 90 Lumen bei starkem Licht) Akku: Lithium-Polymer Gr\u00f6\u00dfe: 10 cm W\u00fcrfel im ge\u00f6ffneten Zustand Gewicht: 60 Gramm Material: klares PET mit wei\u00dfem Geflecht, wasserfest, recycelbar Helligkeitseinstellung per Taster: 1x f\u00fcr schwaches Licht, 2x f\u00fcr starkes Licht, 3x f\u00fcr Blinken oder Notrufeinstellung BETRIEB Halten Sie die Basis und [&hellip;]<\/p>\n","protected":false},"featured_media":807,"template":"","meta":{"_acf_changed":false},"product_brand":[],"product_cat":[37],"product_tag":[],"class_list":{"0":"post-773","1":"product","2":"type-product","3":"status-publish","4":"has-post-thumbnail","6":"product_cat-solalichter","8":"first","9":"instock","10":"sale","11":"purchasable","12":"product-type-simple"},"acf":[],"_links":{"self":[{"href":"https:\/\/solight.ch\/de\/wp-json\/wp\/v2\/product\/773","targetHints":{"allow":["GET"]}}],"collection":[{"href":"https:\/\/solight.ch\/de\/wp-json\/wp\/v2\/product"}],"about":[{"href":"https:\/\/solight.ch\/de\/wp-json\/wp\/v2\/types\/product"}],"wp:featuredmedia":[{"embeddable":true,"href":"https:\/\/solight.ch\/de\/wp-json\/wp\/v2\/media\/807"}],"wp:attachment":[{"href":"https:\/\/solight.ch\/de\/wp-json\/wp\/v2\/media?parent=773"}],"wp:term":[{"taxonomy":"product_brand","embeddable":true,"href":"https:\/\/solight.ch\/de\/wp-json\/wp\/v2\/product_brand?post=773"},{"taxonomy":"product_cat","embeddable":true,"href":"https:\/\/solight.ch\/de\/wp-json\/wp\/v2\/product_cat?post=773"},{"taxonomy":"product_tag","embeddable":true,"href":"https:\/\/solight.ch\/de\/wp-json\/wp\/v2\/product_tag?post=773"}],"curies":[{"name":"wp","href":"https:\/\/api.w.org\/{rel}","templated":true}]}}