{"id":843,"date":"2021-06-10T11:51:32","date_gmt":"2021-06-10T09:51:32","guid":{"rendered":"http:\/\/822017.web13.swisscenter.com\/?post_type=product&#038;p=843"},"modified":"2023-11-01T17:29:01","modified_gmt":"2023-11-01T16:29:01","slug":"merlin-solarpuff","status":"publish","type":"product","link":"https:\/\/solight.ch\/de\/produkt\/merlin-solarpuff\/","title":{"rendered":"Merlin SolarPuff"},"content":{"rendered":"<p>FUNKTIONEN<br \/>\n10 LED-Lampen (90 Lumen), 6 verschiedene Farben<br \/>\nAkku: Lithium-Polymer<br \/>\nGr\u00f6\u00dfe: 10 cm W\u00fcrfel im ge\u00f6ffneten Zustand<br \/>\nGewicht: 80 Gramm<\/p>\n<p>Gurte: Kunststoff auf der Solarmodulseite, Stoff mit Klettverschluss auf der gegen\u00fcberliegenden Seite<br \/>\nMaterial: transparentes PET mit wei\u00dfem Geflecht, wasserfest, recycelbar<br \/>\nFunktionseinstellung per Taster: 1x rot, 2x Kaltlicht, 3x violett, 4x gr\u00fcn, 5x blau, 6x gelb, 7x 6 Lichter, die alle 3 Sekunden durchlaufen, 8x Stopp bei ausgew\u00e4hltem Licht und 9x aus<\/p>\n<p><em><strong>BETRIEB<\/strong><\/em><br \/>\nHalten Sie die Basis und ziehen Sie am Griff, um eine W\u00fcrfelform zu bilden.<br \/>\nDr\u00fccken Sie die Einschalttaste f\u00fcr: 1x rot, 2x k\u00fchles Licht, 3x lila, 4x gr\u00fcn, 5x blau, 6x gelb, 7x 6 Lauflichter alle 3 Sekunden, 8x Stopp am gew\u00e4hlten Licht und 9x aus<br \/>\nDer Merlin Solarpuff l\u00e4dt sich bei voller Sonneneinstrahlung in 8 Stunden vollst\u00e4ndig auf und spendet 8 Stunden Licht (die Leuchtdauer kann je nach Sonneneinstrahlung variieren). 5 Stunden Ladezeit bei voller Sonneneinstrahlung = ca. 5 Stunden Licht.<br \/>\nZum Schlie\u00dfen der Lampe: die Seiten des W\u00fcrfels zusammendr\u00fccken und ziehen, der Merlin Solarpuff faltet sich zu einem flachen Paket von 2 cm Dicke.<\/p>\n","protected":false},"excerpt":{"rendered":"<p>FUNKTIONEN 10 LED-Lampen (90 Lumen), 6 verschiedene Farben Akku: Lithium-Polymer Gr\u00f6\u00dfe: 10 cm W\u00fcrfel im ge\u00f6ffneten Zustand Gewicht: 80 Gramm Gurte: Kunststoff auf der Solarmodulseite, Stoff mit Klettverschluss auf der gegen\u00fcberliegenden Seite Material: transparentes PET mit wei\u00dfem Geflecht, wasserfest, recycelbar Funktionseinstellung per Taster: 1x rot, 2x Kaltlicht, 3x violett, 4x gr\u00fcn, 5x blau, 6x gelb, [&hellip;]<\/p>\n","protected":false},"featured_media":819,"template":"","meta":{"_acf_changed":false},"product_brand":[],"product_cat":[37],"product_tag":[],"class_list":{"0":"post-843","1":"product","2":"type-product","3":"status-publish","4":"has-post-thumbnail","6":"product_cat-solalichter","8":"first","9":"instock","10":"taxable","11":"shipping-taxable","12":"purchasable","13":"product-type-simple"},"acf":[],"_links":{"self":[{"href":"https:\/\/solight.ch\/de\/wp-json\/wp\/v2\/product\/843","targetHints":{"allow":["GET"]}}],"collection":[{"href":"https:\/\/solight.ch\/de\/wp-json\/wp\/v2\/product"}],"about":[{"href":"https:\/\/solight.ch\/de\/wp-json\/wp\/v2\/types\/product"}],"wp:featuredmedia":[{"embeddable":true,"href":"https:\/\/solight.ch\/de\/wp-json\/wp\/v2\/media\/819"}],"wp:attachment":[{"href":"https:\/\/solight.ch\/de\/wp-json\/wp\/v2\/media?parent=843"}],"wp:term":[{"taxonomy":"product_brand","embeddable":true,"href":"https:\/\/solight.ch\/de\/wp-json\/wp\/v2\/product_brand?post=843"},{"taxonomy":"product_cat","embeddable":true,"href":"https:\/\/solight.ch\/de\/wp-json\/wp\/v2\/product_cat?post=843"},{"taxonomy":"product_tag","embeddable":true,"href":"https:\/\/solight.ch\/de\/wp-json\/wp\/v2\/product_tag?post=843"}],"curies":[{"name":"wp","href":"https:\/\/api.w.org\/{rel}","templated":true}]}}