{"id":752,"date":"2021-05-14T12:02:28","date_gmt":"2021-05-14T10:02:28","guid":{"rendered":"http:\/\/822017.web13.swisscenter.com\/product\/qwnn-pack-de-3\/"},"modified":"2021-07-19T16:14:27","modified_gmt":"2021-07-19T14:14:27","slug":"qwnn-pack-de-3","status":"publish","type":"product","link":"https:\/\/solight.ch\/it\/prodotto\/qwnn-pack-de-3\/","title":{"rendered":"QWNN &#8211; pack de 3"},"content":{"rendered":"<p>CARATTERISTICHE<br \/>\n28 lampadine a LED di colore caldo (320 lumen a piena potenza)<br \/>\nBatteria: ai polimeri di litio con 4000 mAh (permette la ricarica di 2 cellulari)<br \/>\nDimensioni spiegate: 34 x 24 x 1.90cm, piegato: 20 x 20 x 1.90cm<br \/>\nPeso: 425 grammi<br \/>\nMateriale: PET trasparente con treccia bianca, resistente all&#8217;acqua, riciclabile<br \/>\nRegolazione della luminosit\u00e0 tramite pulsante: 6 diverse intensit\u00e0 compresa la modalit\u00e0 lampeggiante<\/p>\n<p>Durata della batteria: da 6 a 40 ore a seconda della modalit\u00e0 di illuminazione selezionata<\/p>\n<p>Tempo di ricarica: da 8 a 10 ore al sole o 3 ore sulla porta USB<\/p>\n<p>Impermeabile: pu\u00f2 essere usato sotto la pioggia o sull&#8217;acqua<\/p>\n","protected":false},"excerpt":{"rendered":"<p>CARATTERISTICHE 28 lampadine a LED di colore caldo (320 lumen a piena potenza) Batteria: ai polimeri di litio con 4000 mAh (permette la ricarica di 2 cellulari) Dimensioni spiegate: 34 x 24 x 1.90cm, piegato: 20 x 20 x 1.90cm Peso: 425 grammi Materiale: PET trasparente con treccia bianca, resistente all&#8217;acqua, riciclabile Regolazione della luminosit\u00e0 [&hellip;]<\/p>\n","protected":false},"featured_media":358,"template":"","meta":{"_acf_changed":false},"product_brand":[],"product_cat":[38],"product_tag":[],"class_list":{"0":"post-752","1":"product","2":"type-product","3":"status-publish","4":"has-post-thumbnail","6":"product_cat-luci-solari","8":"first","9":"instock","10":"taxable","11":"shipping-taxable","12":"purchasable","13":"product-type-simple"},"acf":[],"_links":{"self":[{"href":"https:\/\/solight.ch\/it\/wp-json\/wp\/v2\/product\/752","targetHints":{"allow":["GET"]}}],"collection":[{"href":"https:\/\/solight.ch\/it\/wp-json\/wp\/v2\/product"}],"about":[{"href":"https:\/\/solight.ch\/it\/wp-json\/wp\/v2\/types\/product"}],"wp:featuredmedia":[{"embeddable":true,"href":"https:\/\/solight.ch\/it\/wp-json\/wp\/v2\/media\/358"}],"wp:attachment":[{"href":"https:\/\/solight.ch\/it\/wp-json\/wp\/v2\/media?parent=752"}],"wp:term":[{"taxonomy":"product_brand","embeddable":true,"href":"https:\/\/solight.ch\/it\/wp-json\/wp\/v2\/product_brand?post=752"},{"taxonomy":"product_cat","embeddable":true,"href":"https:\/\/solight.ch\/it\/wp-json\/wp\/v2\/product_cat?post=752"},{"taxonomy":"product_tag","embeddable":true,"href":"https:\/\/solight.ch\/it\/wp-json\/wp\/v2\/product_tag?post=752"}],"curies":[{"name":"wp","href":"https:\/\/api.w.org\/{rel}","templated":true}]}}