{"id":781,"date":"2021-05-14T12:36:26","date_gmt":"2021-05-14T10:36:26","guid":{"rendered":"http:\/\/822017.web13.swisscenter.com\/product\/solarpuff-pack-de-6\/"},"modified":"2021-07-19T16:06:37","modified_gmt":"2021-07-19T14:06:37","slug":"solarpuff-pack-de-6","status":"publish","type":"product","link":"https:\/\/solight.ch\/it\/prodotto\/solarpuff-pack-de-6\/","title":{"rendered":"SolarPuff &#8211; pack de 6"},"content":{"rendered":"<p>CARATTERISTICHE<br \/>\n10 lampadine a LED (60 lumen a luce bassa, 90 lumen a luce alta)<br \/>\nBatteria: polimeri di litio<br \/>\nDimensioni: cubo di 10 cm quando aperto<br \/>\nPeso: 60 grammi<br \/>\nMateriale: PET trasparente con treccia bianca, resistente all&#8217;acqua, riciclabile<br \/>\nRegolazione della luminosit\u00e0 tramite pulsante: 1x per la luce bassa, 2x per la luce alta, 3x per l&#8217;impostazione lampeggiante o angoscia<\/p>\n<p>OPERAZIONE<br \/>\nTieni la base e tira la maniglia per formare un cubo.<br \/>\nPremere il pulsante di accensione 1 volta per la luce bassa, 2 volte per la luce alta e 3 volte per il lampeggio.<br \/>\nIl Solarpuff si carica completamente in 8 ore in piena luce solare e d\u00e0 8-12 ore di luce (la durata della luce pu\u00f2 variare a seconda della quantit\u00e0 di luce solare). 5 ore di carica in piena luce del sole = circa 5-8 ore di luce.<br \/>\nPer chiudere la lampada: pizzicare i lati del cubo e tirare, il Solarpuff si piega in un pacchetto piatto di 2 cm di spessore.<\/p>\n","protected":false},"excerpt":{"rendered":"<p>CARATTERISTICHE 10 lampadine a LED (60 lumen a luce bassa, 90 lumen a luce alta) Batteria: polimeri di litio Dimensioni: cubo di 10 cm quando aperto Peso: 60 grammi Materiale: PET trasparente con treccia bianca, resistente all&#8217;acqua, riciclabile Regolazione della luminosit\u00e0 tramite pulsante: 1x per la luce bassa, 2x per la luce alta, 3x per [&hellip;]<\/p>\n","protected":false},"featured_media":812,"template":"","meta":{"_acf_changed":false},"product_brand":[],"product_cat":[38],"product_tag":[],"class_list":{"0":"post-781","1":"product","2":"type-product","3":"status-publish","4":"has-post-thumbnail","6":"product_cat-luci-solari","8":"first","9":"instock","10":"sale","11":"taxable","12":"shipping-taxable","13":"purchasable","14":"product-type-simple"},"acf":[],"_links":{"self":[{"href":"https:\/\/solight.ch\/it\/wp-json\/wp\/v2\/product\/781","targetHints":{"allow":["GET"]}}],"collection":[{"href":"https:\/\/solight.ch\/it\/wp-json\/wp\/v2\/product"}],"about":[{"href":"https:\/\/solight.ch\/it\/wp-json\/wp\/v2\/types\/product"}],"wp:featuredmedia":[{"embeddable":true,"href":"https:\/\/solight.ch\/it\/wp-json\/wp\/v2\/media\/812"}],"wp:attachment":[{"href":"https:\/\/solight.ch\/it\/wp-json\/wp\/v2\/media?parent=781"}],"wp:term":[{"taxonomy":"product_brand","embeddable":true,"href":"https:\/\/solight.ch\/it\/wp-json\/wp\/v2\/product_brand?post=781"},{"taxonomy":"product_cat","embeddable":true,"href":"https:\/\/solight.ch\/it\/wp-json\/wp\/v2\/product_cat?post=781"},{"taxonomy":"product_tag","embeddable":true,"href":"https:\/\/solight.ch\/it\/wp-json\/wp\/v2\/product_tag?post=781"}],"curies":[{"name":"wp","href":"https:\/\/api.w.org\/{rel}","templated":true}]}}