{"id":788,"date":"2021-05-14T12:08:41","date_gmt":"2021-05-14T10:08:41","guid":{"rendered":"http:\/\/822017.web13.swisscenter.com\/product\/solarhelix\/"},"modified":"2023-11-01T17:31:08","modified_gmt":"2023-11-01T16:31:08","slug":"solarhelix","status":"publish","type":"product","link":"https:\/\/solight.ch\/it\/prodotto\/solarhelix\/","title":{"rendered":"SolarHelix"},"content":{"rendered":"<p>CARATTERISTICHE<br \/>\n10 lampadine a LED (60 lumen a luce bassa, 90 lumen a luce alta)<br \/>\nBatteria: polimeri di litio<br \/>\nDimensioni: cubo di 10 cm quando aperto<br \/>\nPeso: 60 grammi<br \/>\nMateriale: TPU (Thermoplastic PolyUrethane) riciclabile, una termoplastica con una memoria unica per il mantenimento della forma. La luce \u00e8 pi\u00f9 uniforme del SolarPuff<br \/>\nPulsante di regolazione della luminosit\u00e0: 1x per la luce bassa, 2x per la luce alta, 3x per l&#8217;impostazione lampeggiante o angoscia<\/p>\n<p>OPERAZIONE<br \/>\nTenere la base e girare il SolarHelix in modo che si dispieghi nella sua forma finale.<br \/>\nPremere il pulsante di accensione 1 volta per la luce fioca, 2 volte per la luce chiara e 3 volte per il lampeggio.<br \/>\nIl SolarHelix si carica completamente in 8 ore in piena luce solare e d\u00e0 8-12 ore di luce (la durata della luce pu\u00f2 variare a seconda della quantit\u00e0 di luce solare). 5 ore di carica in piena luce del sole = circa 5-8 ore di luce.<br \/>\nSolarHelix pu\u00f2 essere piegato girando sulla sua base.<\/p>\n","protected":false},"excerpt":{"rendered":"<p>CARATTERISTICHE 10 lampadine a LED (60 lumen a luce bassa, 90 lumen a luce alta) Batteria: polimeri di litio Dimensioni: cubo di 10 cm quando aperto Peso: 60 grammi Materiale: TPU (Thermoplastic PolyUrethane) riciclabile, una termoplastica con una memoria unica per il mantenimento della forma. La luce \u00e8 pi\u00f9 uniforme del SolarPuff Pulsante di regolazione [&hellip;]<\/p>\n","protected":false},"featured_media":386,"template":"","meta":{"_acf_changed":false},"product_brand":[],"product_cat":[38],"product_tag":[],"class_list":{"0":"post-788","1":"product","2":"type-product","3":"status-publish","4":"has-post-thumbnail","6":"product_cat-luci-solari","8":"first","9":"instock","10":"taxable","11":"shipping-taxable","12":"purchasable","13":"product-type-simple"},"acf":[],"_links":{"self":[{"href":"https:\/\/solight.ch\/it\/wp-json\/wp\/v2\/product\/788","targetHints":{"allow":["GET"]}}],"collection":[{"href":"https:\/\/solight.ch\/it\/wp-json\/wp\/v2\/product"}],"about":[{"href":"https:\/\/solight.ch\/it\/wp-json\/wp\/v2\/types\/product"}],"wp:featuredmedia":[{"embeddable":true,"href":"https:\/\/solight.ch\/it\/wp-json\/wp\/v2\/media\/386"}],"wp:attachment":[{"href":"https:\/\/solight.ch\/it\/wp-json\/wp\/v2\/media?parent=788"}],"wp:term":[{"taxonomy":"product_brand","embeddable":true,"href":"https:\/\/solight.ch\/it\/wp-json\/wp\/v2\/product_brand?post=788"},{"taxonomy":"product_cat","embeddable":true,"href":"https:\/\/solight.ch\/it\/wp-json\/wp\/v2\/product_cat?post=788"},{"taxonomy":"product_tag","embeddable":true,"href":"https:\/\/solight.ch\/it\/wp-json\/wp\/v2\/product_tag?post=788"}],"curies":[{"name":"wp","href":"https:\/\/api.w.org\/{rel}","templated":true}]}}