{"id":853,"date":"2021-06-10T11:59:25","date_gmt":"2021-06-10T09:59:25","guid":{"rendered":"http:\/\/822017.web13.swisscenter.com\/?post_type=product&#038;p=853"},"modified":"2021-07-19T16:05:09","modified_gmt":"2021-07-19T14:05:09","slug":"merlin-solarpuff-pack-de-6","status":"publish","type":"product","link":"https:\/\/solight.ch\/it\/prodotto\/merlin-solarpuff-pack-de-6\/","title":{"rendered":"Merlin SolarPuff &#8211; pack de 6"},"content":{"rendered":"<p>CARATTERISTICHE<br \/>\n10 lampadine LED (90 lumen), 6 colori diversi<br \/>\nBatteria: polimeri di litio<br \/>\nDimensioni: cubo di 10 cm quando aperto<br \/>\nPeso: 80 grammi<\/p>\n<p>Cinghie: plastica sul lato del pannello solare, tessuto con velcro sul lato opposto<br \/>\nMateriale: PET trasparente con treccia bianca, resistente all&#8217;acqua, riciclabile<br \/>\nRegolazione funzionale tramite pulsante: 1x rosso, 2x luce fredda, 3x viola, 4x verde, 5x blu, 6x giallo, 7x 6 luci che scorrono ogni 3 secondi, 8x arresto sulla luce scelta e 9x spento<\/p>\n<p>OPERAZIONE<br \/>\nTieni la base e tira la maniglia per formare un cubo.<br \/>\nPremere il pulsante di accensione per: 1x rosso, 2x luce fredda, 3x viola, 4x verde, 5x blu, 6x giallo, 7x 6 luci scorrevoli ogni 3 secondi, 8x stop sulla luce selezionata e 9x spento<br \/>\nIl Merlin Solarpuff si carica completamente in 8 ore in piena luce solare e d\u00e0 8 ore di luce (la durata della luce pu\u00f2 variare a seconda della quantit\u00e0 di luce solare). 5 ore di carica in piena luce del sole = circa 5 ore di luce.<br \/>\nPer chiudere la lampada: pizzicare i lati del cubo e tirare, il Merlin Solarpuff si piega in un pacchetto piatto di 2 cm di spessore.<\/p>\n","protected":false},"excerpt":{"rendered":"<p>CARATTERISTICHE 10 lampadine LED (90 lumen), 6 colori diversi Batteria: polimeri di litio Dimensioni: cubo di 10 cm quando aperto Peso: 80 grammi Cinghie: plastica sul lato del pannello solare, tessuto con velcro sul lato opposto Materiale: PET trasparente con treccia bianca, resistente all&#8217;acqua, riciclabile Regolazione funzionale tramite pulsante: 1x rosso, 2x luce fredda, 3x [&hellip;]<\/p>\n","protected":false},"featured_media":836,"template":"","meta":{"_acf_changed":false},"product_brand":[],"product_cat":[38],"product_tag":[],"class_list":{"0":"post-853","1":"product","2":"type-product","3":"status-publish","4":"has-post-thumbnail","6":"product_cat-luci-solari","8":"first","9":"instock","10":"sale","11":"taxable","12":"shipping-taxable","13":"purchasable","14":"product-type-simple"},"acf":[],"_links":{"self":[{"href":"https:\/\/solight.ch\/it\/wp-json\/wp\/v2\/product\/853","targetHints":{"allow":["GET"]}}],"collection":[{"href":"https:\/\/solight.ch\/it\/wp-json\/wp\/v2\/product"}],"about":[{"href":"https:\/\/solight.ch\/it\/wp-json\/wp\/v2\/types\/product"}],"wp:featuredmedia":[{"embeddable":true,"href":"https:\/\/solight.ch\/it\/wp-json\/wp\/v2\/media\/836"}],"wp:attachment":[{"href":"https:\/\/solight.ch\/it\/wp-json\/wp\/v2\/media?parent=853"}],"wp:term":[{"taxonomy":"product_brand","embeddable":true,"href":"https:\/\/solight.ch\/it\/wp-json\/wp\/v2\/product_brand?post=853"},{"taxonomy":"product_cat","embeddable":true,"href":"https:\/\/solight.ch\/it\/wp-json\/wp\/v2\/product_cat?post=853"},{"taxonomy":"product_tag","embeddable":true,"href":"https:\/\/solight.ch\/it\/wp-json\/wp\/v2\/product_tag?post=853"}],"curies":[{"name":"wp","href":"https:\/\/api.w.org\/{rel}","templated":true}]}}